{"id":2202,"date":"2019-10-16T12:53:00","date_gmt":"2019-10-16T16:53:00","guid":{"rendered":"https:\/\/residencesdumanoir.webloft.dev\/a-propos\/"},"modified":"2024-06-06T12:56:25","modified_gmt":"2024-06-06T16:56:25","slug":"about","status":"publish","type":"page","link":"https:\/\/www.residencesdumanoir.com\/en\/about\/","title":{"rendered":"About"},"content":{"rendered":"\n<div class=\"wp-block-media-text has-media-on-the-right\"><div class=\"wp-block-media-text__content\">\n<h1 class=\"wp-block-heading\">About<\/h1>\n\n\n\n<p>Les R\u00e9sidences du Manoir is a family run business dedicated to the wellbeing of seniors.&nbsp; Founded in 1994 by Claudette and Paul Cadieux, the goal of the first Residence was to offer seniors in the Laurentians a living environment that would be recognized by the quality of its services.&nbsp; Over the years, the founders built a team of professionals that share their philosophy focused on a more humane approach and on the comfort of its residents.<\/p>\n\n\n\n<p>Today, their daughter, Sophie and son in law, \u00c9ric have joined in the business in order to expand the leadership.&nbsp; Along with the Directors of each residence, they form an ideal team to ensure the sound management of the group.&nbsp; This is how, always as passionate, the founders of Les R\u00e9sidences du Manoir continue to work, as they have for more than 30 years, to ensure that the Residences are exceptional establishments for a comfortable retirement for our seniors.<\/p>\n<\/div><figure class=\"wp-block-media-text__media\"><img decoding=\"async\" src=\"https:\/\/www.residencesdumanoir.com\/wp-content\/uploads\/2024\/02\/DSC_7321Normand_Huberdeau_Groupe_NH_Photographes_web-scaled.jpg\" alt=\"Management team for Les r\u00e9sidences du manoir\" class=\"wp-image-583 size-full\"\/><\/figure><\/div>\n\n\n\n<div class=\"wp-block-media-text\"><figure class=\"wp-block-media-text__media\"><img decoding=\"async\" src=\"https:\/\/www.residencesdumanoir.com\/wp-content\/uploads\/2024\/05\/D-5277-Manoir-30-years.jpg\" alt=\"Senior citizens enjoying good wine and good food on the outdoor terrace at their retirement home in Saint-Sauveur\" class=\"wp-image-1357 size-full\"\/><\/figure><div class=\"wp-block-media-text__content\">\n<h2 class=\"wp-block-heading\">Our mission<\/h2>\n\n\n\n<p>The mission of Les R\u00e9sidences du Manoir is to do everything possible to offer the best accommodation services, meal services, animation, security, and supervision for our independent or semi-independent seniors. All this in a d\u00e9cor that exudes warmth and calmness at an affordable price.<\/p>\n\n\n\n<p>More than just a building, Les R\u00e9sidences du Manoir offers a complete way of life where comfort, the proximity to services and the environment will stimulate and conserve the autonomy of our seniors.<\/p>\n<\/div><\/div>\n\n\n\n<div class=\"wp-block-group alignfull rose is-layout-flow wp-block-group-is-layout-flow\">\n<div class=\"wp-block-media-text alignfull has-media-on-the-right\"><div class=\"wp-block-media-text__content\">\n<h2 class=\"wp-block-heading\"><br>&nbsp;<br>Our values<\/h2>\n\n\n\n<p>To ensure that our mission is accomplished, Les R\u00e9sidences du Manoir endorses fundamental values such as respect, integrity and excellence.&nbsp; We recognize aging as an important part of life and are consequently engaged in the pursuit of a better quality of life for our seniors.<\/p>\n\n\n\n<p>We offer a pleasant alternative to individual homes.&nbsp; We offer a way of life where our elderly will feel at home and they will have a greater autonomy and liberty to organize their daily activities.<\/p>\n\n\n\n<ul class=\"wp-block-list\">\n<li>Respect<\/li>\n\n\n\n<li>Integrity<\/li>\n\n\n\n<li>Excellence<\/li>\n\n\n\n<li>Goodwill<\/li>\n<\/ul>\n<\/div><figure class=\"wp-block-media-text__media\"><img decoding=\"async\" src=\"https:\/\/www.residencesdumanoir.com\/wp-content\/uploads\/2024\/05\/D-5009-RManoir-MiseajourImagesEN.png\" alt=\"Happy couple dancing and enjoying the activities at their retirement home in Saint-Ad\u00e8le\" class=\"wp-image-1351 size-full\"\/><\/figure><\/div>\n<\/div>\n\n\n\n<div class=\"wp-block-spacer\" style=\"height: 100px;\" aria-hidden=\"true\">\u00a0<\/div>\n","protected":false},"excerpt":{"rendered":"<p>About Les R\u00e9sidences du Manoir is a family run business dedicated to the wellbeing of seniors.&nbsp; Founded in 1994 by Claudette and Paul Cadieux, the goal of the first Residence was to offer seniors in the Laurentians a living environment that would be recognized by the quality of its services.&nbsp; Over the years, the founders [&hellip;]<\/p>\n","protected":false},"author":1,"featured_media":0,"parent":0,"menu_order":0,"comment_status":"closed","ping_status":"closed","template":"","meta":{"_acf_changed":false,"footnotes":""},"class_list":["post-2202","page","type-page","status-publish","hentry"],"acf":[],"yoast_head":"<!-- This site is optimized with the Yoast SEO plugin v27.2 - https:\/\/yoast.com\/product\/yoast-seo-wordpress\/ -->\n<title>Les R\u00e9sidences du Manoir | L\u2019histoire de nos r\u00e9sidences pour a\u00een\u00e9s<\/title>\n<meta name=\"description\" content=\"Le groupe Les R\u00e9sidences du Manoir est une entreprise familiale d\u00e9di\u00e9e au bien-\u00eatre des a\u00een\u00e9s. D\u00e9couvrez l\u2019histoire de nos r\u00e9sidences dans les Laurentides.\" \/>\n<meta name=\"robots\" content=\"index, follow, max-snippet:-1, max-image-preview:large, max-video-preview:-1\" \/>\n<link rel=\"canonical\" href=\"https:\/\/www.residencesdumanoir.com\/en\/about\/\" \/>\n<meta property=\"og:locale\" content=\"en_US\" \/>\n<meta property=\"og:type\" content=\"article\" \/>\n<meta property=\"og:title\" content=\"Les R\u00e9sidences du Manoir | L\u2019histoire de nos r\u00e9sidences pour a\u00een\u00e9s\" \/>\n<meta property=\"og:description\" content=\"Le groupe Les R\u00e9sidences du Manoir est une entreprise familiale d\u00e9di\u00e9e au bien-\u00eatre des a\u00een\u00e9s. D\u00e9couvrez l\u2019histoire de nos r\u00e9sidences dans les Laurentides.\" \/>\n<meta property=\"og:url\" content=\"https:\/\/www.residencesdumanoir.com\/en\/about\/\" \/>\n<meta property=\"og:site_name\" content=\"Les R\u00e9sidences du Manoir\" \/>\n<meta property=\"article:modified_time\" content=\"2024-06-06T16:56:25+00:00\" \/>\n<meta property=\"og:image\" content=\"https:\/\/www.residencesdumanoir.com\/wp-content\/uploads\/2024\/02\/DSC_7321Normand_Huberdeau_Groupe_NH_Photographes_web-scaled.jpg\" \/>\n<meta name=\"twitter:card\" content=\"summary_large_image\" \/>\n<meta name=\"twitter:label1\" content=\"Est. reading time\" \/>\n\t<meta name=\"twitter:data1\" content=\"3 minutes\" \/>\n<script type=\"application\/ld+json\" class=\"yoast-schema-graph\">{\"@context\":\"https:\/\/schema.org\",\"@graph\":[{\"@type\":\"WebPage\",\"@id\":\"https:\/\/www.residencesdumanoir.com\/en\/about\/\",\"url\":\"https:\/\/www.residencesdumanoir.com\/en\/about\/\",\"name\":\"Les R\u00e9sidences du Manoir | L\u2019histoire de nos r\u00e9sidences pour a\u00een\u00e9s\",\"isPartOf\":{\"@id\":\"https:\/\/www.residencesdumanoir.com\/en\/#website\"},\"primaryImageOfPage\":{\"@id\":\"https:\/\/www.residencesdumanoir.com\/en\/about\/#primaryimage\"},\"image\":{\"@id\":\"https:\/\/www.residencesdumanoir.com\/en\/about\/#primaryimage\"},\"thumbnailUrl\":\"https:\/\/www.residencesdumanoir.com\/wp-content\/uploads\/2024\/02\/DSC_7321Normand_Huberdeau_Groupe_NH_Photographes_web-scaled.jpg\",\"datePublished\":\"2019-10-16T16:53:00+00:00\",\"dateModified\":\"2024-06-06T16:56:25+00:00\",\"description\":\"Le groupe Les R\u00e9sidences du Manoir est une entreprise familiale d\u00e9di\u00e9e au bien-\u00eatre des a\u00een\u00e9s. D\u00e9couvrez l\u2019histoire de nos r\u00e9sidences dans les Laurentides.\",\"breadcrumb\":{\"@id\":\"https:\/\/www.residencesdumanoir.com\/en\/about\/#breadcrumb\"},\"inLanguage\":\"en-US\",\"potentialAction\":[{\"@type\":\"ReadAction\",\"target\":[\"https:\/\/www.residencesdumanoir.com\/en\/about\/\"]}]},{\"@type\":\"ImageObject\",\"inLanguage\":\"en-US\",\"@id\":\"https:\/\/www.residencesdumanoir.com\/en\/about\/#primaryimage\",\"url\":\"https:\/\/www.residencesdumanoir.com\/wp-content\/uploads\/2024\/02\/DSC_7321Normand_Huberdeau_Groupe_NH_Photographes_web-scaled.jpg\",\"contentUrl\":\"https:\/\/www.residencesdumanoir.com\/wp-content\/uploads\/2024\/02\/DSC_7321Normand_Huberdeau_Groupe_NH_Photographes_web-scaled.jpg\"},{\"@type\":\"BreadcrumbList\",\"@id\":\"https:\/\/www.residencesdumanoir.com\/en\/about\/#breadcrumb\",\"itemListElement\":[{\"@type\":\"ListItem\",\"position\":1,\"name\":\"Accueil\",\"item\":\"https:\/\/www.residencesdumanoir.com\/en\/\"},{\"@type\":\"ListItem\",\"position\":2,\"name\":\"About\"}]},{\"@type\":\"WebSite\",\"@id\":\"https:\/\/www.residencesdumanoir.com\/en\/#website\",\"url\":\"https:\/\/www.residencesdumanoir.com\/en\/\",\"name\":\"Les R\u00e9sidences du Manoir\",\"description\":\"Les R\u00e9sidences du Manoir\",\"potentialAction\":[{\"@type\":\"SearchAction\",\"target\":{\"@type\":\"EntryPoint\",\"urlTemplate\":\"https:\/\/www.residencesdumanoir.com\/en\/?s={search_term_string}\"},\"query-input\":{\"@type\":\"PropertyValueSpecification\",\"valueRequired\":true,\"valueName\":\"search_term_string\"}}],\"inLanguage\":\"en-US\"}]}<\/script>\n<!-- \/ Yoast SEO plugin. -->","yoast_head_json":{"title":"Les R\u00e9sidences du Manoir | L\u2019histoire de nos r\u00e9sidences pour a\u00een\u00e9s","description":"Le groupe Les R\u00e9sidences du Manoir est une entreprise familiale d\u00e9di\u00e9e au bien-\u00eatre des a\u00een\u00e9s. D\u00e9couvrez l\u2019histoire de nos r\u00e9sidences dans les Laurentides.","robots":{"index":"index","follow":"follow","max-snippet":"max-snippet:-1","max-image-preview":"max-image-preview:large","max-video-preview":"max-video-preview:-1"},"canonical":"https:\/\/www.residencesdumanoir.com\/en\/about\/","og_locale":"en_US","og_type":"article","og_title":"Les R\u00e9sidences du Manoir | L\u2019histoire de nos r\u00e9sidences pour a\u00een\u00e9s","og_description":"Le groupe Les R\u00e9sidences du Manoir est une entreprise familiale d\u00e9di\u00e9e au bien-\u00eatre des a\u00een\u00e9s. D\u00e9couvrez l\u2019histoire de nos r\u00e9sidences dans les Laurentides.","og_url":"https:\/\/www.residencesdumanoir.com\/en\/about\/","og_site_name":"Les R\u00e9sidences du Manoir","article_modified_time":"2024-06-06T16:56:25+00:00","og_image":[{"url":"https:\/\/www.residencesdumanoir.com\/wp-content\/uploads\/2024\/02\/DSC_7321Normand_Huberdeau_Groupe_NH_Photographes_web-scaled.jpg","type":"","width":"","height":""}],"twitter_card":"summary_large_image","twitter_misc":{"Est. reading time":"3 minutes"},"schema":{"@context":"https:\/\/schema.org","@graph":[{"@type":"WebPage","@id":"https:\/\/www.residencesdumanoir.com\/en\/about\/","url":"https:\/\/www.residencesdumanoir.com\/en\/about\/","name":"Les R\u00e9sidences du Manoir | L\u2019histoire de nos r\u00e9sidences pour a\u00een\u00e9s","isPartOf":{"@id":"https:\/\/www.residencesdumanoir.com\/en\/#website"},"primaryImageOfPage":{"@id":"https:\/\/www.residencesdumanoir.com\/en\/about\/#primaryimage"},"image":{"@id":"https:\/\/www.residencesdumanoir.com\/en\/about\/#primaryimage"},"thumbnailUrl":"https:\/\/www.residencesdumanoir.com\/wp-content\/uploads\/2024\/02\/DSC_7321Normand_Huberdeau_Groupe_NH_Photographes_web-scaled.jpg","datePublished":"2019-10-16T16:53:00+00:00","dateModified":"2024-06-06T16:56:25+00:00","description":"Le groupe Les R\u00e9sidences du Manoir est une entreprise familiale d\u00e9di\u00e9e au bien-\u00eatre des a\u00een\u00e9s. D\u00e9couvrez l\u2019histoire de nos r\u00e9sidences dans les Laurentides.","breadcrumb":{"@id":"https:\/\/www.residencesdumanoir.com\/en\/about\/#breadcrumb"},"inLanguage":"en-US","potentialAction":[{"@type":"ReadAction","target":["https:\/\/www.residencesdumanoir.com\/en\/about\/"]}]},{"@type":"ImageObject","inLanguage":"en-US","@id":"https:\/\/www.residencesdumanoir.com\/en\/about\/#primaryimage","url":"https:\/\/www.residencesdumanoir.com\/wp-content\/uploads\/2024\/02\/DSC_7321Normand_Huberdeau_Groupe_NH_Photographes_web-scaled.jpg","contentUrl":"https:\/\/www.residencesdumanoir.com\/wp-content\/uploads\/2024\/02\/DSC_7321Normand_Huberdeau_Groupe_NH_Photographes_web-scaled.jpg"},{"@type":"BreadcrumbList","@id":"https:\/\/www.residencesdumanoir.com\/en\/about\/#breadcrumb","itemListElement":[{"@type":"ListItem","position":1,"name":"Accueil","item":"https:\/\/www.residencesdumanoir.com\/en\/"},{"@type":"ListItem","position":2,"name":"About"}]},{"@type":"WebSite","@id":"https:\/\/www.residencesdumanoir.com\/en\/#website","url":"https:\/\/www.residencesdumanoir.com\/en\/","name":"Les R\u00e9sidences du Manoir","description":"Les R\u00e9sidences du Manoir","potentialAction":[{"@type":"SearchAction","target":{"@type":"EntryPoint","urlTemplate":"https:\/\/www.residencesdumanoir.com\/en\/?s={search_term_string}"},"query-input":{"@type":"PropertyValueSpecification","valueRequired":true,"valueName":"search_term_string"}}],"inLanguage":"en-US"}]}},"_links":{"self":[{"href":"https:\/\/www.residencesdumanoir.com\/en\/wp-json\/wp\/v2\/pages\/2202","targetHints":{"allow":["GET"]}}],"collection":[{"href":"https:\/\/www.residencesdumanoir.com\/en\/wp-json\/wp\/v2\/pages"}],"about":[{"href":"https:\/\/www.residencesdumanoir.com\/en\/wp-json\/wp\/v2\/types\/page"}],"author":[{"embeddable":true,"href":"https:\/\/www.residencesdumanoir.com\/en\/wp-json\/wp\/v2\/users\/1"}],"replies":[{"embeddable":true,"href":"https:\/\/www.residencesdumanoir.com\/en\/wp-json\/wp\/v2\/comments?post=2202"}],"version-history":[{"count":10,"href":"https:\/\/www.residencesdumanoir.com\/en\/wp-json\/wp\/v2\/pages\/2202\/revisions"}],"predecessor-version":[{"id":2427,"href":"https:\/\/www.residencesdumanoir.com\/en\/wp-json\/wp\/v2\/pages\/2202\/revisions\/2427"}],"wp:attachment":[{"href":"https:\/\/www.residencesdumanoir.com\/en\/wp-json\/wp\/v2\/media?parent=2202"}],"curies":[{"name":"wp","href":"https:\/\/api.w.org\/{rel}","templated":true}]}}