{"id":2216,"date":"2019-11-04T12:48:13","date_gmt":"2019-11-04T17:48:13","guid":{"rendered":"https:\/\/residencesdumanoir.webloft.dev\/les-manoirs\/"},"modified":"2025-07-01T15:43:31","modified_gmt":"2025-07-01T19:43:31","slug":"les-manoirs","status":"publish","type":"page","link":"https:\/\/www.residencesdumanoir.com\/en\/les-manoirs\/","title":{"rendered":"Find a Residence"},"content":{"rendered":"\n<div class=\"wp-block-media-text alignwide has-media-on-the-right is-stacked-on-mobile\"><div class=\"wp-block-media-text__content\">\n<h1 class=\"wp-block-heading\">Find a Residence<\/h1>\n\n\n\n<p>Each residence of the group Les R\u00e9sidences du Manoir has been designed and furnished with the aim of maximizing comfort, meeting the needs, and respecting the privacy of our seniors. There are a variety of facilities and services to enhance the daily lives of residents and their visitors..<\/p>\n<\/div><figure class=\"wp-block-media-text__media\"><img fetchpriority=\"high\" decoding=\"async\" width=\"1024\" height=\"599\" src=\"https:\/\/www.residencesdumanoir.com\/wp-content\/uploads\/2022\/09\/D-4682-RManoir-MiseajourImages2-1024x599.png\" alt=\"Outdoor terrace with a beautiful view at the seniors residence in Saint-Agathe \" class=\"wp-image-1356 size-full\" srcset=\"https:\/\/www.residencesdumanoir.com\/wp-content\/uploads\/2022\/09\/D-4682-RManoir-MiseajourImages2-1024x599.png 1024w, https:\/\/www.residencesdumanoir.com\/wp-content\/uploads\/2022\/09\/D-4682-RManoir-MiseajourImages2-300x175.png 300w, https:\/\/www.residencesdumanoir.com\/wp-content\/uploads\/2022\/09\/D-4682-RManoir-MiseajourImages2-768x449.png 768w, https:\/\/www.residencesdumanoir.com\/wp-content\/uploads\/2022\/09\/D-4682-RManoir-MiseajourImages2-720x421.png 720w, https:\/\/www.residencesdumanoir.com\/wp-content\/uploads\/2022\/09\/D-4682-RManoir-MiseajourImages2.png 1440w\" sizes=\"(max-width: 1024px) 100vw, 1024px\" \/><\/figure><\/div>\n\n\n\n<div class=\"wp-block-media-text alignwide is-stacked-on-mobile\"><figure class=\"wp-block-media-text__media\"><img decoding=\"async\" width=\"1024\" height=\"599\" src=\"https:\/\/www.residencesdumanoir.com\/wp-content\/uploads\/2022\/09\/D-4682-RManoir-MiseajourImages3-1024x599.png\" alt=\"Seniors playing pool at the retirement home in Saint-Sauveur\" class=\"wp-image-1355 size-full\" srcset=\"https:\/\/www.residencesdumanoir.com\/wp-content\/uploads\/2022\/09\/D-4682-RManoir-MiseajourImages3-1024x599.png 1024w, https:\/\/www.residencesdumanoir.com\/wp-content\/uploads\/2022\/09\/D-4682-RManoir-MiseajourImages3-300x175.png 300w, https:\/\/www.residencesdumanoir.com\/wp-content\/uploads\/2022\/09\/D-4682-RManoir-MiseajourImages3-768x449.png 768w, https:\/\/www.residencesdumanoir.com\/wp-content\/uploads\/2022\/09\/D-4682-RManoir-MiseajourImages3-720x421.png 720w, https:\/\/www.residencesdumanoir.com\/wp-content\/uploads\/2022\/09\/D-4682-RManoir-MiseajourImages3.png 1440w\" sizes=\"(max-width: 1024px) 100vw, 1024px\" \/><\/figure><div class=\"wp-block-media-text__content\">\n<h2 class=\"wp-block-heading\">The experience of a Residence<\/h2>\n\n\n\n<p>Your ideal accommodation is in one of the five residences of the group Les R\u00e9sidences du Manoir. Most of our Manoirs offer short stay packages (depending on availability) in their most comfortable units, to live a pleasant holiday in the Laurentians or to experience life in residence before making the decision to live there permanently.<\/p>\n<\/div><\/div>\n\n\n\n<div class=\"wp-block-group alignfull rose is-layout-flow wp-block-group-is-layout-flow\">\n<div class=\"wp-block-media-text alignwide has-media-on-the-right is-stacked-on-mobile\" style=\"grid-template-columns:auto 56%\"><div class=\"wp-block-media-text__content\">\n<h2 class=\"wp-block-heading\">Our services<\/h2>\n\n\n\n<p>Having become a leader in retirement accommodation in the Laurentians, Les R\u00e9sidences du Manoir offers the best catering, accommodation, entertainment, and security services for our seniors. All in a warm setting where care and services to retirees are personalized and human.<\/p>\n\n\n\n<p>The group Les R\u00e9sidences du Manoir constantly adapts to the needs of seniors. This is why our services evolve with our clientele and personal care is offered as an option, depending on the state of health of our residents.<\/p>\n<\/div><figure class=\"wp-block-media-text__media\"><img decoding=\"async\" src=\"https:\/\/www.residencesdumanoir.com\/wp-content\/uploads\/2024\/05\/D-5009-RManoir-MiseajourImagesEN2.png\" alt=\"Senior citizen laughing and having a good time at the retirement home in Saint-Agathe\" class=\"wp-image-1350 size-full\"\/><\/figure><\/div>\n\n\n\n<div class=\"wp-block-media-text alignwide is-stacked-on-mobile\"><figure class=\"wp-block-media-text__media\"><img decoding=\"async\" width=\"1024\" height=\"599\" src=\"https:\/\/www.residencesdumanoir.com\/wp-content\/uploads\/2019\/11\/budget-1024x599.jpg\" alt=\"Spacious apartment for autonomous and semi-autonomous seniors in retirement residence in the Laurentian's\" class=\"wp-image-488 size-full\" srcset=\"https:\/\/www.residencesdumanoir.com\/wp-content\/uploads\/2019\/11\/budget-1024x599.jpg 1024w, https:\/\/www.residencesdumanoir.com\/wp-content\/uploads\/2019\/11\/budget-300x175.jpg 300w, https:\/\/www.residencesdumanoir.com\/wp-content\/uploads\/2019\/11\/budget-768x449.jpg 768w, https:\/\/www.residencesdumanoir.com\/wp-content\/uploads\/2019\/11\/budget-720x421.jpg 720w, https:\/\/www.residencesdumanoir.com\/wp-content\/uploads\/2019\/11\/budget.jpg 1440w\" sizes=\"(max-width: 1024px) 100vw, 1024px\" \/><\/figure><div class=\"wp-block-media-text__content\">\n<h2 class=\"wp-block-heading\">Budget<\/h2>\n\n\n\n<p>We rent apartments and rooms for all budgets. Call us or write to us for more information on the price of our units.&nbsp;<\/p>\n\n\n\n<p>Each residence in the Les R\u00e9sidences du Manoir group is eligible for the Government of Quebec\u2019s Home Support Tax Credit.<\/p>\n\n\n\n<div class=\"wp-block-button\"><a class=\"wp-block-button__link wp-element-button\" href=\"#contact\">Learn more<\/a><\/div>\n<\/div><\/div>\n<\/div>\n\n\n\n<div class=\"wp-block-media-text alignwide has-media-on-the-right is-stacked-on-mobile\"><div class=\"wp-block-media-text__content\">\n<h2 class=\"wp-block-heading\">Les Residences du Manoir is :<\/h2>\n\n\n\n<ul class=\"wp-block-list\">\n<li>Five residences<\/li>\n\n\n\n<li>220 dedicated employees<\/li>\n\n\n\n<li>546 housing units<\/li>\n\n\n\n<li>Choice of 2 \u00bd, 3 \u00bd and 4 \u00bd rooms or apartments<\/li>\n\n\n\n<li>Two units specialized in the care of people with Alzheimer\u2019s type cognitive loss, requiring supervision and an adapted approach (Havre Sainte-Ad\u00e8le &amp; Havre de St-Adolphe)<\/li>\n\n\n\n<li>A host of small gestures, smiles and attentions that contribute to the daily happiness of our seniors!<\/li>\n<\/ul>\n<\/div><figure class=\"wp-block-media-text__media\"><img loading=\"lazy\" decoding=\"async\" width=\"1024\" height=\"599\" src=\"https:\/\/www.residencesdumanoir.com\/wp-content\/uploads\/2022\/09\/D-4682-RManoir-MiseajourImages4-1024x599.png\" alt=\"Nurse taking care of a semi-autonomous patient in senior residence in the Laurentian region\" class=\"wp-image-1354 size-full\" srcset=\"https:\/\/www.residencesdumanoir.com\/wp-content\/uploads\/2022\/09\/D-4682-RManoir-MiseajourImages4-1024x599.png 1024w, https:\/\/www.residencesdumanoir.com\/wp-content\/uploads\/2022\/09\/D-4682-RManoir-MiseajourImages4-300x175.png 300w, https:\/\/www.residencesdumanoir.com\/wp-content\/uploads\/2022\/09\/D-4682-RManoir-MiseajourImages4-768x449.png 768w, https:\/\/www.residencesdumanoir.com\/wp-content\/uploads\/2022\/09\/D-4682-RManoir-MiseajourImages4-720x421.png 720w, https:\/\/www.residencesdumanoir.com\/wp-content\/uploads\/2022\/09\/D-4682-RManoir-MiseajourImages4.png 1440w\" sizes=\"(max-width: 1024px) 100vw, 1024px\" \/><\/figure><\/div>\n\n\n\n<div class=\"wp-block-media-text alignwide is-stacked-on-mobile\" style=\"grid-template-columns:45% auto\"><figure class=\"wp-block-media-text__media\"><img loading=\"lazy\" decoding=\"async\" width=\"940\" height=\"788\" src=\"https:\/\/www.residencesdumanoir.com\/wp-content\/uploads\/2022\/09\/Sans-titre-1-e1663160988652.png\" alt=\"Senior residence certification for the quality of the services rendered in retirement homes\" class=\"wp-image-1364 size-full\" srcset=\"https:\/\/www.residencesdumanoir.com\/wp-content\/uploads\/2022\/09\/Sans-titre-1-e1663160988652.png 940w, https:\/\/www.residencesdumanoir.com\/wp-content\/uploads\/2022\/09\/Sans-titre-1-e1663160988652-300x251.png 300w, https:\/\/www.residencesdumanoir.com\/wp-content\/uploads\/2022\/09\/Sans-titre-1-e1663160988652-768x644.png 768w\" sizes=\"(max-width: 940px) 100vw, 940px\" \/><\/figure><div class=\"wp-block-media-text__content\">\n<h2 class=\"wp-block-heading\">Certifications<\/h2>\n\n\n\n<p>Each of our residences adheres to a rigorous code of ethics and conduct, holds a certificate of compliance issued by the Ministry of Health and Social Services and is a member of the Regroupement Qu\u00e9b\u00e9cois des R\u00e9sidences pour A\u00een\u00e9s, a group that promotes the quality of services in its member residences.<\/p>\n<\/div><\/div>\n\n\n\n<div class=\"wp-block-group alignfull rose is-layout-flow wp-block-group-is-layout-flow\">\n<div class=\"wp-block-media-text alignwide has-media-on-the-right is-stacked-on-mobile\"><div class=\"wp-block-media-text__content\">\n<h2 class=\"wp-block-heading\">Gastronomy<\/h2>\n\n\n\n<p>Our menus are prepared by our chefs. You can also invite guests to your table every day or at special events.<\/p>\n<\/div><figure class=\"wp-block-media-text__media\"><img decoding=\"async\" src=\"https:\/\/www.residencesdumanoir.com\/wp-content\/uploads\/2024\/05\/D-5009-RManoir-MiseajourImagesEN3.png\" alt=\"Chef preparing food at the restaurant of the retirement home in Saint-Sauveur\" class=\"wp-image-1349 size-full\"\/><\/figure><\/div>\n\n\n\n<div class=\"wp-block-media-text alignwide is-stacked-on-mobile\"><figure class=\"wp-block-media-text__media\"><img loading=\"lazy\" decoding=\"async\" width=\"1024\" height=\"599\" src=\"https:\/\/www.residencesdumanoir.com\/wp-content\/uploads\/2022\/09\/D-4682-RManoir-MiseajourImages5-1024x599.png\" alt=\"Senior citizen smiling and enjoying a good book in the library of the retirement home in Saint-Adele\" class=\"wp-image-1353 size-full\" srcset=\"https:\/\/www.residencesdumanoir.com\/wp-content\/uploads\/2022\/09\/D-4682-RManoir-MiseajourImages5-1024x599.png 1024w, https:\/\/www.residencesdumanoir.com\/wp-content\/uploads\/2022\/09\/D-4682-RManoir-MiseajourImages5-300x175.png 300w, https:\/\/www.residencesdumanoir.com\/wp-content\/uploads\/2022\/09\/D-4682-RManoir-MiseajourImages5-768x449.png 768w, https:\/\/www.residencesdumanoir.com\/wp-content\/uploads\/2022\/09\/D-4682-RManoir-MiseajourImages5-720x421.png 720w, https:\/\/www.residencesdumanoir.com\/wp-content\/uploads\/2022\/09\/D-4682-RManoir-MiseajourImages5.png 1440w\" sizes=\"(max-width: 1024px) 100vw, 1024px\" \/><\/figure><div class=\"wp-block-media-text__content\">\n<h2 class=\"wp-block-heading\">Security<\/h2>\n\n\n\n<p>All our buildings follow the strict standards of the Building Code. They have a fire detection system, automatic sprinklers, and a generator in case of power failure. In addition, we offer elevators, camera access control and caring employees 24 hours a day.<\/p>\n<\/div><\/div>\n<\/div>\n\n\n\n<div class=\"wp-block-media-text alignwide has-media-on-the-right is-stacked-on-mobile\"><div class=\"wp-block-media-text__content\">\n<ul class=\"wp-block-list\">\n<li><a href=\"https:\/\/www.residencesdumanoir.com\/en\/manoirs\/manoir-de-la-vallee\/\">Manoir de la Vall\u00e9e in Saint-Sauveur<\/a><\/li>\n\n\n\n<li><a href=\"https:\/\/www.residencesdumanoir.com\/en\/manoirs\/manoir-de-la-falaise\/\">Manoir de la Falaise in Saint-Sauveur<\/a><\/li>\n\n\n\n<li><a href=\"https:\/\/www.residencesdumanoir.com\/en\/manoirs\/manoir-quatre-saisons\/\">Manoir Quatre Saisons in Sainte-Agathe-des-Monts<\/a><\/li>\n\n\n\n<li><a href=\"https:\/\/www.residencesdumanoir.com\/en\/manoirs\/manoir-sainte-adele\/\">Manoir Sainte-Ad\u00e8le in Sainte-Ad\u00e8le<\/a><\/li>\n\n\n\n<li><a href=\"https:\/\/www.residencesdumanoir.com\/en\/manoirs\/manoir-st-adolphe\/\">Manoir St-Adolphe in Saint-Adolphe-d\u2019Howard<\/a><\/li>\n\n\n\n<li><a href=\"https:\/\/www.residencesdumanoir.com\/en\/manoirs\/havre-des-manoirs\/\">Havre des Manoirs in Sainte-Ad\u00e8le and in Saint-Adolphe-d\u2019Howard<\/a><\/li>\n<\/ul>\n\n\n\n<p>&nbsp;<\/p>\n<\/div><figure class=\"wp-block-media-text__media\"><img loading=\"lazy\" decoding=\"async\" width=\"1024\" height=\"599\" src=\"https:\/\/www.residencesdumanoir.com\/wp-content\/uploads\/2022\/09\/D-4682-RManoir-MiseajourImages6-1024x599.png\" alt=\"Happy couple enjoying the beautiful view from the outdoor terrace at the private senior citizens home in Saint-Agathe\" class=\"wp-image-1352 size-full\" srcset=\"https:\/\/www.residencesdumanoir.com\/wp-content\/uploads\/2022\/09\/D-4682-RManoir-MiseajourImages6-1024x599.png 1024w, https:\/\/www.residencesdumanoir.com\/wp-content\/uploads\/2022\/09\/D-4682-RManoir-MiseajourImages6-300x175.png 300w, https:\/\/www.residencesdumanoir.com\/wp-content\/uploads\/2022\/09\/D-4682-RManoir-MiseajourImages6-768x449.png 768w, https:\/\/www.residencesdumanoir.com\/wp-content\/uploads\/2022\/09\/D-4682-RManoir-MiseajourImages6-720x421.png 720w, https:\/\/www.residencesdumanoir.com\/wp-content\/uploads\/2022\/09\/D-4682-RManoir-MiseajourImages6.png 1440w\" sizes=\"(max-width: 1024px) 100vw, 1024px\" \/><\/figure><\/div>\n\n\n\n<div class=\"wp-block-media-text alignwide is-stacked-on-mobile\"><figure class=\"wp-block-media-text__media\"><img loading=\"lazy\" decoding=\"async\" width=\"800\" height=\"467\" src=\"https:\/\/www.residencesdumanoir.com\/wp-content\/uploads\/2019\/11\/ManoirVallee_4.jpg\" alt=\"Spacious and modern apartment at the retirement home Manoir de la Vall\u00e9e in Saint-Sauveur\" class=\"wp-image-609 size-full\" srcset=\"https:\/\/www.residencesdumanoir.com\/wp-content\/uploads\/2019\/11\/ManoirVallee_4.jpg 800w, https:\/\/www.residencesdumanoir.com\/wp-content\/uploads\/2019\/11\/ManoirVallee_4-300x175.jpg 300w, https:\/\/www.residencesdumanoir.com\/wp-content\/uploads\/2019\/11\/ManoirVallee_4-768x448.jpg 768w, https:\/\/www.residencesdumanoir.com\/wp-content\/uploads\/2019\/11\/ManoirVallee_4-720x421.jpg 720w\" sizes=\"(max-width: 800px) 100vw, 800px\" \/><\/figure><div class=\"wp-block-media-text__content\">\n<h2 class=\"wp-block-heading\">See an overview of our accommodations!<\/h2>\n\n\n\n<ul class=\"wp-block-list\">\n<li><a aria-label=\" (opens in a new tab)\" href=\"https:\/\/goo.gl\/maps\/CSuLqPArWKymWybL8\" target=\"_blank\" rel=\"noreferrer noopener\">Apartment 3 1\/2 Manoir de la Vall\u00e9e<\/a><\/li>\n\n\n\n<li><a aria-label=\" (opens in a new tab)\" href=\"https:\/\/goo.gl\/maps\/tMBU6TAh1NgsfQuR8\" target=\"_blank\" rel=\"noreferrer noopener\">Apartment 4 1\/2 Manoir de la Vall\u00e9e<\/a><\/li>\n\n\n\n<li><a aria-label=\" (opens in a new tab)\" href=\"https:\/\/goo.gl\/maps\/4KsBushPapfCCawF9\" target=\"_blank\" rel=\"noreferrer noopener\">Apartment 3 1\/2 Manoir de la Falaise<\/a><\/li>\n\n\n\n<li><a aria-label=\" (opens in a new tab)\" href=\"https:\/\/goo.gl\/maps\/7Grmkgya3qLm9Qr67\" target=\"_blank\" rel=\"noreferrer noopener\">Room Manoir de la Falaise<\/a><\/li>\n<\/ul>\n\n\n\n<p>&nbsp;<\/p>\n<\/div><\/div>\n\n\n\n<p>&nbsp;<\/p>\n","protected":false},"excerpt":{"rendered":"<p>Find a Residence Each residence of the group Les R\u00e9sidences du Manoir has been designed and furnished with the aim of maximizing comfort, meeting the needs, and respecting the privacy of our seniors. There are a variety of facilities and services to enhance the daily lives of residents and their visitors.. The experience of a [&hellip;]<\/p>\n","protected":false},"author":1,"featured_media":0,"parent":0,"menu_order":0,"comment_status":"closed","ping_status":"closed","template":"","meta":{"_acf_changed":false,"footnotes":""},"class_list":["post-2216","page","type-page","status-publish","hentry"],"acf":[],"yoast_head":"<!-- This site is optimized with the Yoast SEO plugin v27.2 - https:\/\/yoast.com\/product\/yoast-seo-wordpress\/ -->\n<title>Les R\u00e9sidences du Manoir | D\u00e9couvrez nos Manoirs<\/title>\n<meta name=\"description\" content=\"Chaque r\u00e9sidence du groupe Les R\u00e9sidences du Manoir a \u00e9t\u00e9 con\u00e7ue et am\u00e9nag\u00e9e pour assurer le bien-\u00eatre des a\u00een\u00e9s. Choisissez la v\u00f4tre!\" \/>\n<meta name=\"robots\" content=\"index, follow, max-snippet:-1, max-image-preview:large, max-video-preview:-1\" \/>\n<link rel=\"canonical\" href=\"https:\/\/www.residencesdumanoir.com\/en\/les-manoirs\/\" \/>\n<meta property=\"og:locale\" content=\"en_US\" \/>\n<meta property=\"og:type\" content=\"article\" \/>\n<meta property=\"og:title\" content=\"Les R\u00e9sidences du Manoir | D\u00e9couvrez nos Manoirs\" \/>\n<meta property=\"og:description\" content=\"Chaque r\u00e9sidence du groupe Les R\u00e9sidences du Manoir a \u00e9t\u00e9 con\u00e7ue et am\u00e9nag\u00e9e pour assurer le bien-\u00eatre des a\u00een\u00e9s. Choisissez la v\u00f4tre!\" \/>\n<meta property=\"og:url\" content=\"https:\/\/www.residencesdumanoir.com\/en\/les-manoirs\/\" \/>\n<meta property=\"og:site_name\" content=\"Les R\u00e9sidences du Manoir\" \/>\n<meta property=\"article:modified_time\" content=\"2025-07-01T19:43:31+00:00\" \/>\n<meta property=\"og:image\" content=\"https:\/\/www.residencesdumanoir.com\/wp-content\/uploads\/2022\/09\/D-4682-RManoir-MiseajourImages2-1024x599.png\" \/>\n\t<meta property=\"og:image:width\" content=\"1024\" \/>\n\t<meta property=\"og:image:height\" content=\"599\" \/>\n\t<meta property=\"og:image:type\" content=\"image\/png\" \/>\n<meta name=\"twitter:card\" content=\"summary_large_image\" \/>\n<meta name=\"twitter:label1\" content=\"Est. reading time\" \/>\n\t<meta name=\"twitter:data1\" content=\"5 minutes\" \/>\n<script type=\"application\/ld+json\" class=\"yoast-schema-graph\">{\"@context\":\"https:\/\/schema.org\",\"@graph\":[{\"@type\":\"WebPage\",\"@id\":\"https:\/\/www.residencesdumanoir.com\/en\/les-manoirs\/\",\"url\":\"https:\/\/www.residencesdumanoir.com\/en\/les-manoirs\/\",\"name\":\"Les R\u00e9sidences du Manoir | D\u00e9couvrez nos Manoirs\",\"isPartOf\":{\"@id\":\"https:\/\/www.residencesdumanoir.com\/en\/#website\"},\"primaryImageOfPage\":{\"@id\":\"https:\/\/www.residencesdumanoir.com\/en\/les-manoirs\/#primaryimage\"},\"image\":{\"@id\":\"https:\/\/www.residencesdumanoir.com\/en\/les-manoirs\/#primaryimage\"},\"thumbnailUrl\":\"https:\/\/www.residencesdumanoir.com\/wp-content\/uploads\/2022\/09\/D-4682-RManoir-MiseajourImages2-1024x599.png\",\"datePublished\":\"2019-11-04T17:48:13+00:00\",\"dateModified\":\"2025-07-01T19:43:31+00:00\",\"description\":\"Chaque r\u00e9sidence du groupe Les R\u00e9sidences du Manoir a \u00e9t\u00e9 con\u00e7ue et am\u00e9nag\u00e9e pour assurer le bien-\u00eatre des a\u00een\u00e9s. Choisissez la v\u00f4tre!\",\"breadcrumb\":{\"@id\":\"https:\/\/www.residencesdumanoir.com\/en\/les-manoirs\/#breadcrumb\"},\"inLanguage\":\"en-US\",\"potentialAction\":[{\"@type\":\"ReadAction\",\"target\":[\"https:\/\/www.residencesdumanoir.com\/en\/les-manoirs\/\"]}]},{\"@type\":\"ImageObject\",\"inLanguage\":\"en-US\",\"@id\":\"https:\/\/www.residencesdumanoir.com\/en\/les-manoirs\/#primaryimage\",\"url\":\"https:\/\/www.residencesdumanoir.com\/wp-content\/uploads\/2022\/09\/D-4682-RManoir-MiseajourImages2-1024x599.png\",\"contentUrl\":\"https:\/\/www.residencesdumanoir.com\/wp-content\/uploads\/2022\/09\/D-4682-RManoir-MiseajourImages2-1024x599.png\"},{\"@type\":\"BreadcrumbList\",\"@id\":\"https:\/\/www.residencesdumanoir.com\/en\/les-manoirs\/#breadcrumb\",\"itemListElement\":[{\"@type\":\"ListItem\",\"position\":1,\"name\":\"Accueil\",\"item\":\"https:\/\/www.residencesdumanoir.com\/en\/\"},{\"@type\":\"ListItem\",\"position\":2,\"name\":\"Find a Residence\"}]},{\"@type\":\"WebSite\",\"@id\":\"https:\/\/www.residencesdumanoir.com\/en\/#website\",\"url\":\"https:\/\/www.residencesdumanoir.com\/en\/\",\"name\":\"Les R\u00e9sidences du Manoir\",\"description\":\"Les R\u00e9sidences du Manoir\",\"potentialAction\":[{\"@type\":\"SearchAction\",\"target\":{\"@type\":\"EntryPoint\",\"urlTemplate\":\"https:\/\/www.residencesdumanoir.com\/en\/?s={search_term_string}\"},\"query-input\":{\"@type\":\"PropertyValueSpecification\",\"valueRequired\":true,\"valueName\":\"search_term_string\"}}],\"inLanguage\":\"en-US\"}]}<\/script>\n<!-- \/ Yoast SEO plugin. -->","yoast_head_json":{"title":"Les R\u00e9sidences du Manoir | D\u00e9couvrez nos Manoirs","description":"Chaque r\u00e9sidence du groupe Les R\u00e9sidences du Manoir a \u00e9t\u00e9 con\u00e7ue et am\u00e9nag\u00e9e pour assurer le bien-\u00eatre des a\u00een\u00e9s. Choisissez la v\u00f4tre!","robots":{"index":"index","follow":"follow","max-snippet":"max-snippet:-1","max-image-preview":"max-image-preview:large","max-video-preview":"max-video-preview:-1"},"canonical":"https:\/\/www.residencesdumanoir.com\/en\/les-manoirs\/","og_locale":"en_US","og_type":"article","og_title":"Les R\u00e9sidences du Manoir | D\u00e9couvrez nos Manoirs","og_description":"Chaque r\u00e9sidence du groupe Les R\u00e9sidences du Manoir a \u00e9t\u00e9 con\u00e7ue et am\u00e9nag\u00e9e pour assurer le bien-\u00eatre des a\u00een\u00e9s. Choisissez la v\u00f4tre!","og_url":"https:\/\/www.residencesdumanoir.com\/en\/les-manoirs\/","og_site_name":"Les R\u00e9sidences du Manoir","article_modified_time":"2025-07-01T19:43:31+00:00","og_image":[{"width":1024,"height":599,"url":"https:\/\/www.residencesdumanoir.com\/wp-content\/uploads\/2022\/09\/D-4682-RManoir-MiseajourImages2-1024x599.png","type":"image\/png"}],"twitter_card":"summary_large_image","twitter_misc":{"Est. reading time":"5 minutes"},"schema":{"@context":"https:\/\/schema.org","@graph":[{"@type":"WebPage","@id":"https:\/\/www.residencesdumanoir.com\/en\/les-manoirs\/","url":"https:\/\/www.residencesdumanoir.com\/en\/les-manoirs\/","name":"Les R\u00e9sidences du Manoir | D\u00e9couvrez nos Manoirs","isPartOf":{"@id":"https:\/\/www.residencesdumanoir.com\/en\/#website"},"primaryImageOfPage":{"@id":"https:\/\/www.residencesdumanoir.com\/en\/les-manoirs\/#primaryimage"},"image":{"@id":"https:\/\/www.residencesdumanoir.com\/en\/les-manoirs\/#primaryimage"},"thumbnailUrl":"https:\/\/www.residencesdumanoir.com\/wp-content\/uploads\/2022\/09\/D-4682-RManoir-MiseajourImages2-1024x599.png","datePublished":"2019-11-04T17:48:13+00:00","dateModified":"2025-07-01T19:43:31+00:00","description":"Chaque r\u00e9sidence du groupe Les R\u00e9sidences du Manoir a \u00e9t\u00e9 con\u00e7ue et am\u00e9nag\u00e9e pour assurer le bien-\u00eatre des a\u00een\u00e9s. Choisissez la v\u00f4tre!","breadcrumb":{"@id":"https:\/\/www.residencesdumanoir.com\/en\/les-manoirs\/#breadcrumb"},"inLanguage":"en-US","potentialAction":[{"@type":"ReadAction","target":["https:\/\/www.residencesdumanoir.com\/en\/les-manoirs\/"]}]},{"@type":"ImageObject","inLanguage":"en-US","@id":"https:\/\/www.residencesdumanoir.com\/en\/les-manoirs\/#primaryimage","url":"https:\/\/www.residencesdumanoir.com\/wp-content\/uploads\/2022\/09\/D-4682-RManoir-MiseajourImages2-1024x599.png","contentUrl":"https:\/\/www.residencesdumanoir.com\/wp-content\/uploads\/2022\/09\/D-4682-RManoir-MiseajourImages2-1024x599.png"},{"@type":"BreadcrumbList","@id":"https:\/\/www.residencesdumanoir.com\/en\/les-manoirs\/#breadcrumb","itemListElement":[{"@type":"ListItem","position":1,"name":"Accueil","item":"https:\/\/www.residencesdumanoir.com\/en\/"},{"@type":"ListItem","position":2,"name":"Find a Residence"}]},{"@type":"WebSite","@id":"https:\/\/www.residencesdumanoir.com\/en\/#website","url":"https:\/\/www.residencesdumanoir.com\/en\/","name":"Les R\u00e9sidences du Manoir","description":"Les R\u00e9sidences du Manoir","potentialAction":[{"@type":"SearchAction","target":{"@type":"EntryPoint","urlTemplate":"https:\/\/www.residencesdumanoir.com\/en\/?s={search_term_string}"},"query-input":{"@type":"PropertyValueSpecification","valueRequired":true,"valueName":"search_term_string"}}],"inLanguage":"en-US"}]}},"_links":{"self":[{"href":"https:\/\/www.residencesdumanoir.com\/en\/wp-json\/wp\/v2\/pages\/2216","targetHints":{"allow":["GET"]}}],"collection":[{"href":"https:\/\/www.residencesdumanoir.com\/en\/wp-json\/wp\/v2\/pages"}],"about":[{"href":"https:\/\/www.residencesdumanoir.com\/en\/wp-json\/wp\/v2\/types\/page"}],"author":[{"embeddable":true,"href":"https:\/\/www.residencesdumanoir.com\/en\/wp-json\/wp\/v2\/users\/1"}],"replies":[{"embeddable":true,"href":"https:\/\/www.residencesdumanoir.com\/en\/wp-json\/wp\/v2\/comments?post=2216"}],"version-history":[{"count":9,"href":"https:\/\/www.residencesdumanoir.com\/en\/wp-json\/wp\/v2\/pages\/2216\/revisions"}],"predecessor-version":[{"id":2584,"href":"https:\/\/www.residencesdumanoir.com\/en\/wp-json\/wp\/v2\/pages\/2216\/revisions\/2584"}],"wp:attachment":[{"href":"https:\/\/www.residencesdumanoir.com\/en\/wp-json\/wp\/v2\/media?parent=2216"}],"curies":[{"name":"wp","href":"https:\/\/api.w.org\/{rel}","templated":true}]}}